{"id":725,"date":"2018-12-11T09:32:05","date_gmt":"2018-12-11T09:32:05","guid":{"rendered":"https:\/\/www.comish.ch\/de\/?page_id=725"},"modified":"2024-03-27T14:30:54","modified_gmt":"2024-03-27T13:30:54","slug":"ringe","status":"publish","type":"page","link":"https:\/\/comish.ch\/de\/ringe\/","title":{"rendered":"Ringe"},"content":{"rendered":"<p>Die kreativen Impulse hole ich mir aus Flora und Fauna. Pflanzen, Rindenoberfl\u00e4chen, Fellmustern von Wildtieren, Schneeverwehungen oder w\u00e4hrend des Schnorchelns von wunderbaren Korallen. Diese werden sp\u00e4ter in naturnahe, weiche Formen und Linien an den Schmuckst\u00fccken umgesetzt. Nach einem Trend richte ich mich dabei nicht; ich strebe eine zeitlose Harmonie von Material und Kreation an, die \u00fcber viele Jahre Freude bereiten soll.<\/p>\n","protected":false},"excerpt":{"rendered":"<p>Die kreativen Impulse hole ich mir aus Flora und Fauna. Pflanzen, Rindenoberfl\u00e4chen, Fellmustern von Wildtieren, Schneeverwehungen oder w\u00e4hrend des Schnorchelns von wunderbaren Korallen. Diese werden sp\u00e4ter in naturnahe, weiche Formen und Linien an den Schmuckst\u00fccken umgesetzt. Nach einem Trend richte ich mich dabei nicht; ich strebe eine zeitlose Harmonie von Material und Kreation an, die [&hellip;]<\/p>\n","protected":false},"author":1,"featured_media":0,"parent":0,"menu_order":0,"comment_status":"closed","ping_status":"closed","template":"","meta":{"footnotes":""},"class_list":["post-725","page","type-page","status-publish","hentry"],"aioseo_notices":[],"_links":{"self":[{"href":"https:\/\/comish.ch\/de\/wp-json\/wp\/v2\/pages\/725","targetHints":{"allow":["GET"]}}],"collection":[{"href":"https:\/\/comish.ch\/de\/wp-json\/wp\/v2\/pages"}],"about":[{"href":"https:\/\/comish.ch\/de\/wp-json\/wp\/v2\/types\/page"}],"author":[{"embeddable":true,"href":"https:\/\/comish.ch\/de\/wp-json\/wp\/v2\/users\/1"}],"replies":[{"embeddable":true,"href":"https:\/\/comish.ch\/de\/wp-json\/wp\/v2\/comments?post=725"}],"version-history":[{"count":0,"href":"https:\/\/comish.ch\/de\/wp-json\/wp\/v2\/pages\/725\/revisions"}],"wp:attachment":[{"href":"https:\/\/comish.ch\/de\/wp-json\/wp\/v2\/media?parent=725"}],"curies":[{"name":"wp","href":"https:\/\/api.w.org\/{rel}","templated":true}]}}