{"id":468,"date":"2018-12-07T10:49:30","date_gmt":"2018-12-07T10:49:30","guid":{"rendered":"https:\/\/vorschau.comish.ch\/en\/?page_id=468"},"modified":"2023-07-06T11:10:31","modified_gmt":"2023-07-06T09:10:31","slug":"schmuckaenderungen-aus-alt-mach-neu","status":"publish","type":"page","link":"https:\/\/comish.ch\/de\/schmuckaenderungen-aus-alt-mach-neu\/","title":{"rendered":"Schmuck\u00e4nderungen aus Alt mach Neu"},"content":{"rendered":"\n<iframe loading=\"lazy\" src=\"https:\/\/player.vimeo.com\/video\/316505701\" webkitallowfullscreen=\"\" mozallowfullscreen=\"\" allowfullscreen=\"\" width=\"640\" height=\"320\" frameborder=\"0\"><\/iframe>\n\n\n\n<p>Gerne arbeite ich auch Erbst\u00fccke um, damit sie dem Stil der Zeit entsprechen und wieder gerne getragen werden. Oft sind mit solchem Schmuck Emotionen verbunden. Kreationen aus vorhandenem Material, an welchem Erinnerungen haften, sind mir wichtiger als der Verkauf lupenreiner Steine. Diese Arbeit ist f\u00fcr mich \u00e4usserst kreativ, da die Voraussetzung und die vorhanden Schmuckst\u00fccke jedes Mal anders sind. Beim Betrachten der antiken St\u00fccke k\u00f6nnen wir erahnen wie bezaubernd unsere Grossm\u00fctter damit ausgesehen haben m\u00fcssen. <\/p>\n\n\n\n<p>Nun bin ich aber gefordert Elemente des Erbschmuckes zu verwenden und ein neues St\u00fcck zu kreieren, das zur Pers\u00f6nlichkeit der Kundin in der heutigen Zeit passt.<\/p>\n\n\n\n<p><\/p>\n\n\n\n<div class=\"wp-block-columns has-2-columns vor-nach is-layout-flex wp-container-core-columns-is-layout-9d6595d7 wp-block-columns-is-layout-flex\">\n<div class=\"wp-block-column is-layout-flow wp-block-column-is-layout-flow\">\n<figure class=\"wp-block-image size-large\"><img loading=\"lazy\" decoding=\"async\" width=\"600\" height=\"600\" src=\"https:\/\/www.comish.ch\/wp-content\/uploads\/2023\/07\/BB_Nachher.jpeg\" alt=\"\" class=\"wp-image-4235\" srcset=\"https:\/\/comish.ch\/wp-content\/uploads\/2023\/07\/BB_Nachher.jpeg 600w, https:\/\/comish.ch\/wp-content\/uploads\/2023\/07\/BB_Nachher-300x300.jpeg 300w, https:\/\/comish.ch\/wp-content\/uploads\/2023\/07\/BB_Nachher-150x150.jpeg 150w\" sizes=\"auto, (max-width: 600px) 100vw, 600px\" \/><figcaption>vorher<\/figcaption><\/figure>\n<\/div>\n\n\n\n<div class=\"wp-block-column is-layout-flow wp-block-column-is-layout-flow\">\n<figure class=\"wp-block-image size-large\"><img loading=\"lazy\" decoding=\"async\" width=\"600\" height=\"600\" src=\"https:\/\/www.comish.ch\/wp-content\/uploads\/2023\/07\/BB_Vorher.jpeg\" alt=\"\" class=\"wp-image-4234\" srcset=\"https:\/\/comish.ch\/wp-content\/uploads\/2023\/07\/BB_Vorher.jpeg 600w, https:\/\/comish.ch\/wp-content\/uploads\/2023\/07\/BB_Vorher-300x300.jpeg 300w, https:\/\/comish.ch\/wp-content\/uploads\/2023\/07\/BB_Vorher-150x150.jpeg 150w\" sizes=\"auto, (max-width: 600px) 100vw, 600px\" \/><figcaption>nachher<\/figcaption><\/figure>\n<\/div>\n<\/div>\n\n\n\n<div class=\"wp-block-columns has-2-columns vor-nach is-layout-flex wp-container-core-columns-is-layout-9d6595d7 wp-block-columns-is-layout-flex\">\n<div class=\"wp-block-column is-layout-flow wp-block-column-is-layout-flow\">\n<figure class=\"wp-block-image size-large\"><img loading=\"lazy\" decoding=\"async\" width=\"600\" height=\"600\" src=\"https:\/\/www.comish.ch\/wp-content\/uploads\/2023\/07\/BG_Vorher.jpeg\" alt=\"\" class=\"wp-image-4233\" srcset=\"https:\/\/comish.ch\/wp-content\/uploads\/2023\/07\/BG_Vorher.jpeg 600w, https:\/\/comish.ch\/wp-content\/uploads\/2023\/07\/BG_Vorher-300x300.jpeg 300w, https:\/\/comish.ch\/wp-content\/uploads\/2023\/07\/BG_Vorher-150x150.jpeg 150w\" sizes=\"auto, (max-width: 600px) 100vw, 600px\" \/><figcaption>vorher<\/figcaption><\/figure>\n<\/div>\n\n\n\n<div class=\"wp-block-column is-layout-flow wp-block-column-is-layout-flow\">\n<figure class=\"wp-block-image size-large\"><img loading=\"lazy\" decoding=\"async\" width=\"600\" height=\"600\" src=\"https:\/\/www.comish.ch\/wp-content\/uploads\/2023\/07\/BG_Nachher.jpeg\" alt=\"\" class=\"wp-image-4236\" srcset=\"https:\/\/comish.ch\/wp-content\/uploads\/2023\/07\/BG_Nachher.jpeg 600w, https:\/\/comish.ch\/wp-content\/uploads\/2023\/07\/BG_Nachher-300x300.jpeg 300w, https:\/\/comish.ch\/wp-content\/uploads\/2023\/07\/BG_Nachher-150x150.jpeg 150w\" sizes=\"auto, (max-width: 600px) 100vw, 600px\" \/><figcaption>nachher<\/figcaption><\/figure>\n<\/div>\n<\/div>\n\n\n\n<div class=\"wp-block-columns has-2-columns vor-nach is-layout-flex wp-container-core-columns-is-layout-9d6595d7 wp-block-columns-is-layout-flex\">\n<div class=\"wp-block-column is-layout-flow wp-block-column-is-layout-flow\">\n<figure class=\"wp-block-image\"><img loading=\"lazy\" decoding=\"async\" width=\"1024\" height=\"1024\" src=\"\/wp-content\/uploads\/Schmuckaenderungen\/vorher-nachher-2-1024x1024.jpg\" alt=\"\" class=\"wp-image-476\" srcset=\"https:\/\/comish.ch\/wp-content\/uploads\/Schmuckaenderungen\/vorher-nachher-2-1024x1024.jpg 1024w, https:\/\/comish.ch\/wp-content\/uploads\/Schmuckaenderungen\/vorher-nachher-2-150x150.jpg 150w, https:\/\/comish.ch\/wp-content\/uploads\/Schmuckaenderungen\/vorher-nachher-2-300x300.jpg 300w, https:\/\/comish.ch\/wp-content\/uploads\/Schmuckaenderungen\/vorher-nachher-2-768x768.jpg 768w, https:\/\/comish.ch\/wp-content\/uploads\/Schmuckaenderungen\/vorher-nachher-2.jpg 1200w\" sizes=\"auto, (max-width: 1024px) 100vw, 1024px\" \/><figcaption>vorher<\/figcaption><\/figure>\n<\/div>\n\n\n\n<div class=\"wp-block-column is-layout-flow wp-block-column-is-layout-flow\">\n<figure class=\"wp-block-image\"><img loading=\"lazy\" decoding=\"async\" width=\"1024\" height=\"1024\" src=\"\/wp-content\/uploads\/Schmuckaenderungen\/vorher-nachher-2a-1024x1024.jpg\" alt=\"\" class=\"wp-image-477\" srcset=\"https:\/\/comish.ch\/wp-content\/uploads\/Schmuckaenderungen\/vorher-nachher-2a-1024x1024.jpg 1024w, https:\/\/comish.ch\/wp-content\/uploads\/Schmuckaenderungen\/vorher-nachher-2a-150x150.jpg 150w, https:\/\/comish.ch\/wp-content\/uploads\/Schmuckaenderungen\/vorher-nachher-2a-300x300.jpg 300w, https:\/\/comish.ch\/wp-content\/uploads\/Schmuckaenderungen\/vorher-nachher-2a-768x768.jpg 768w, https:\/\/comish.ch\/wp-content\/uploads\/Schmuckaenderungen\/vorher-nachher-2a.jpg 1200w\" sizes=\"auto, (max-width: 1024px) 100vw, 1024px\" \/><figcaption>nachher<\/figcaption><\/figure>\n<\/div>\n<\/div>\n\n\n\n<div class=\"wp-block-columns has-2-columns vor-nach is-layout-flex wp-container-core-columns-is-layout-9d6595d7 wp-block-columns-is-layout-flex\">\n<div class=\"wp-block-column is-layout-flow wp-block-column-is-layout-flow\">\n<figure class=\"wp-block-image\"><img loading=\"lazy\" decoding=\"async\" width=\"1024\" height=\"1024\" src=\"\/wp-content\/uploads\/Schmuckaenderungen\/vorher-nachher-3-1024x1024.jpg\" alt=\"\" class=\"wp-image-478\" srcset=\"https:\/\/comish.ch\/wp-content\/uploads\/Schmuckaenderungen\/vorher-nachher-3-1024x1024.jpg 1024w, https:\/\/comish.ch\/wp-content\/uploads\/Schmuckaenderungen\/vorher-nachher-3-150x150.jpg 150w, https:\/\/comish.ch\/wp-content\/uploads\/Schmuckaenderungen\/vorher-nachher-3-300x300.jpg 300w, https:\/\/comish.ch\/wp-content\/uploads\/Schmuckaenderungen\/vorher-nachher-3-768x768.jpg 768w, https:\/\/comish.ch\/wp-content\/uploads\/Schmuckaenderungen\/vorher-nachher-3.jpg 1200w\" sizes=\"auto, (max-width: 1024px) 100vw, 1024px\" \/><figcaption>vorher<\/figcaption><\/figure>\n<\/div>\n\n\n\n<div class=\"wp-block-column is-layout-flow wp-block-column-is-layout-flow\">\n<figure class=\"wp-block-image\"><img loading=\"lazy\" decoding=\"async\" width=\"1024\" height=\"1024\" src=\"\/wp-content\/uploads\/Schmuckaenderungen\/vorher-nachher-3a-1024x1024.jpg\" alt=\"\" class=\"wp-image-479\" srcset=\"https:\/\/comish.ch\/wp-content\/uploads\/Schmuckaenderungen\/vorher-nachher-3a-1024x1024.jpg 1024w, https:\/\/comish.ch\/wp-content\/uploads\/Schmuckaenderungen\/vorher-nachher-3a-150x150.jpg 150w, https:\/\/comish.ch\/wp-content\/uploads\/Schmuckaenderungen\/vorher-nachher-3a-300x300.jpg 300w, https:\/\/comish.ch\/wp-content\/uploads\/Schmuckaenderungen\/vorher-nachher-3a-768x768.jpg 768w, https:\/\/comish.ch\/wp-content\/uploads\/Schmuckaenderungen\/vorher-nachher-3a.jpg 1200w\" sizes=\"auto, (max-width: 1024px) 100vw, 1024px\" \/><figcaption>nachher<\/figcaption><\/figure>\n<\/div>\n<\/div>\n\n\n\n<div class=\"wp-block-columns has-2-columns vor-nach is-layout-flex wp-container-core-columns-is-layout-9d6595d7 wp-block-columns-is-layout-flex\">\n<div class=\"wp-block-column is-layout-flow wp-block-column-is-layout-flow\">\n<figure class=\"wp-block-image size-large\"><img loading=\"lazy\" decoding=\"async\" width=\"1024\" height=\"1024\" src=\"https:\/\/www.comish.ch\/wp-content\/uploads\/2020\/07\/fullsizeoutput_49f5-1024x1024.jpeg\" alt=\"\" class=\"wp-image-1705\" srcset=\"https:\/\/comish.ch\/wp-content\/uploads\/2020\/07\/fullsizeoutput_49f5-1024x1024.jpeg 1024w, https:\/\/comish.ch\/wp-content\/uploads\/2020\/07\/fullsizeoutput_49f5-300x300.jpeg 300w, https:\/\/comish.ch\/wp-content\/uploads\/2020\/07\/fullsizeoutput_49f5-150x150.jpeg 150w, https:\/\/comish.ch\/wp-content\/uploads\/2020\/07\/fullsizeoutput_49f5-768x768.jpeg 768w, https:\/\/comish.ch\/wp-content\/uploads\/2020\/07\/fullsizeoutput_49f5-1536x1536.jpeg 1536w, https:\/\/comish.ch\/wp-content\/uploads\/2020\/07\/fullsizeoutput_49f5-2048x2048.jpeg 2048w, https:\/\/comish.ch\/wp-content\/uploads\/2020\/07\/fullsizeoutput_49f5-1280x1280.jpeg 1280w\" sizes=\"auto, (max-width: 1024px) 100vw, 1024px\" \/><figcaption>vorher<\/figcaption><\/figure>\n<\/div>\n\n\n\n<div class=\"wp-block-column is-layout-flow wp-block-column-is-layout-flow\">\n<figure class=\"wp-block-image size-large\"><img loading=\"lazy\" decoding=\"async\" width=\"1024\" height=\"1024\" src=\"https:\/\/www.comish.ch\/wp-content\/uploads\/2020\/07\/fullsizeoutput_49f4-1024x1024.jpeg\" alt=\"\" class=\"wp-image-1707\" srcset=\"https:\/\/comish.ch\/wp-content\/uploads\/2020\/07\/fullsizeoutput_49f4-1024x1024.jpeg 1024w, https:\/\/comish.ch\/wp-content\/uploads\/2020\/07\/fullsizeoutput_49f4-300x300.jpeg 300w, https:\/\/comish.ch\/wp-content\/uploads\/2020\/07\/fullsizeoutput_49f4-150x150.jpeg 150w, https:\/\/comish.ch\/wp-content\/uploads\/2020\/07\/fullsizeoutput_49f4-768x768.jpeg 768w, https:\/\/comish.ch\/wp-content\/uploads\/2020\/07\/fullsizeoutput_49f4-1536x1536.jpeg 1536w, https:\/\/comish.ch\/wp-content\/uploads\/2020\/07\/fullsizeoutput_49f4-2048x2048.jpeg 2048w, https:\/\/comish.ch\/wp-content\/uploads\/2020\/07\/fullsizeoutput_49f4-1280x1280.jpeg 1280w\" sizes=\"auto, (max-width: 1024px) 100vw, 1024px\" \/><figcaption>nachher<\/figcaption><\/figure>\n<\/div>\n<\/div>\n\n\n\n<div class=\"wp-block-columns has-2-columns vor-nach is-layout-flex wp-container-core-columns-is-layout-9d6595d7 wp-block-columns-is-layout-flex\">\n<div class=\"wp-block-column is-layout-flow wp-block-column-is-layout-flow\">\n<figure class=\"wp-block-image\"><img loading=\"lazy\" decoding=\"async\" width=\"1024\" height=\"1024\" src=\"\/wp-content\/uploads\/Schmuckaenderungen\/vorher-nachher-5-1024x1024.jpg\" alt=\"\" class=\"wp-image-482\" srcset=\"https:\/\/comish.ch\/wp-content\/uploads\/Schmuckaenderungen\/vorher-nachher-5-1024x1024.jpg 1024w, https:\/\/comish.ch\/wp-content\/uploads\/Schmuckaenderungen\/vorher-nachher-5-150x150.jpg 150w, https:\/\/comish.ch\/wp-content\/uploads\/Schmuckaenderungen\/vorher-nachher-5-300x300.jpg 300w, https:\/\/comish.ch\/wp-content\/uploads\/Schmuckaenderungen\/vorher-nachher-5-768x768.jpg 768w, https:\/\/comish.ch\/wp-content\/uploads\/Schmuckaenderungen\/vorher-nachher-5.jpg 1200w\" sizes=\"auto, (max-width: 1024px) 100vw, 1024px\" \/><figcaption>vorher<\/figcaption><\/figure>\n<\/div>\n\n\n\n<div class=\"wp-block-column is-layout-flow wp-block-column-is-layout-flow\">\n<figure class=\"wp-block-image\"><img loading=\"lazy\" decoding=\"async\" width=\"1024\" height=\"1024\" src=\"\/wp-content\/uploads\/Schmuckaenderungen\/vorher-nachher-5a-1024x1024.jpg\" alt=\"\" class=\"wp-image-483\" srcset=\"https:\/\/comish.ch\/wp-content\/uploads\/Schmuckaenderungen\/vorher-nachher-5a-1024x1024.jpg 1024w, https:\/\/comish.ch\/wp-content\/uploads\/Schmuckaenderungen\/vorher-nachher-5a-150x150.jpg 150w, https:\/\/comish.ch\/wp-content\/uploads\/Schmuckaenderungen\/vorher-nachher-5a-300x300.jpg 300w, https:\/\/comish.ch\/wp-content\/uploads\/Schmuckaenderungen\/vorher-nachher-5a-768x768.jpg 768w, https:\/\/comish.ch\/wp-content\/uploads\/Schmuckaenderungen\/vorher-nachher-5a.jpg 1200w\" sizes=\"auto, (max-width: 1024px) 100vw, 1024px\" \/><figcaption>nachher<\/figcaption><\/figure>\n<\/div>\n<\/div>\n\n\n\n<div class=\"wp-block-columns has-2-columns vor-nach is-layout-flex wp-container-core-columns-is-layout-9d6595d7 wp-block-columns-is-layout-flex\">\n<div class=\"wp-block-column is-layout-flow wp-block-column-is-layout-flow\">\n<figure class=\"wp-block-image\"><img loading=\"lazy\" decoding=\"async\" width=\"1024\" height=\"1024\" src=\"\/wp-content\/uploads\/Schmuckaenderungen\/vorher-nachher-6-1024x1024.jpg\" alt=\"\" class=\"wp-image-484\" srcset=\"https:\/\/comish.ch\/wp-content\/uploads\/Schmuckaenderungen\/vorher-nachher-6-1024x1024.jpg 1024w, https:\/\/comish.ch\/wp-content\/uploads\/Schmuckaenderungen\/vorher-nachher-6-150x150.jpg 150w, https:\/\/comish.ch\/wp-content\/uploads\/Schmuckaenderungen\/vorher-nachher-6-300x300.jpg 300w, https:\/\/comish.ch\/wp-content\/uploads\/Schmuckaenderungen\/vorher-nachher-6-768x768.jpg 768w, https:\/\/comish.ch\/wp-content\/uploads\/Schmuckaenderungen\/vorher-nachher-6.jpg 1200w\" sizes=\"auto, (max-width: 1024px) 100vw, 1024px\" \/><figcaption>vorher<\/figcaption><\/figure>\n<\/div>\n\n\n\n<div class=\"wp-block-column is-layout-flow wp-block-column-is-layout-flow\">\n<figure class=\"wp-block-image\"><img loading=\"lazy\" decoding=\"async\" width=\"1024\" height=\"1024\" src=\"\/wp-content\/uploads\/Schmuckaenderungen\/vorher-nachher-6a-1024x1024.jpg\" alt=\"\" class=\"wp-image-485\" srcset=\"https:\/\/comish.ch\/wp-content\/uploads\/Schmuckaenderungen\/vorher-nachher-6a-1024x1024.jpg 1024w, https:\/\/comish.ch\/wp-content\/uploads\/Schmuckaenderungen\/vorher-nachher-6a-150x150.jpg 150w, https:\/\/comish.ch\/wp-content\/uploads\/Schmuckaenderungen\/vorher-nachher-6a-300x300.jpg 300w, https:\/\/comish.ch\/wp-content\/uploads\/Schmuckaenderungen\/vorher-nachher-6a-768x768.jpg 768w, https:\/\/comish.ch\/wp-content\/uploads\/Schmuckaenderungen\/vorher-nachher-6a.jpg 1200w\" sizes=\"auto, (max-width: 1024px) 100vw, 1024px\" \/><figcaption>nachher<\/figcaption><\/figure>\n<\/div>\n<\/div>\n\n\n\n<div class=\"wp-block-columns has-2-columns vor-nach is-layout-flex wp-container-core-columns-is-layout-9d6595d7 wp-block-columns-is-layout-flex\">\n<div class=\"wp-block-column is-layout-flow wp-block-column-is-layout-flow\">\n<figure class=\"wp-block-image\"><img loading=\"lazy\" decoding=\"async\" width=\"1024\" height=\"1024\" src=\"\/wp-content\/uploads\/Schmuckaenderungen\/vorher-nachher-7-1024x1024.jpg\" alt=\"\" class=\"wp-image-486\" srcset=\"https:\/\/comish.ch\/wp-content\/uploads\/Schmuckaenderungen\/vorher-nachher-7-1024x1024.jpg 1024w, https:\/\/comish.ch\/wp-content\/uploads\/Schmuckaenderungen\/vorher-nachher-7-150x150.jpg 150w, https:\/\/comish.ch\/wp-content\/uploads\/Schmuckaenderungen\/vorher-nachher-7-300x300.jpg 300w, https:\/\/comish.ch\/wp-content\/uploads\/Schmuckaenderungen\/vorher-nachher-7-768x768.jpg 768w, https:\/\/comish.ch\/wp-content\/uploads\/Schmuckaenderungen\/vorher-nachher-7.jpg 1200w\" sizes=\"auto, (max-width: 1024px) 100vw, 1024px\" \/><figcaption>vorher<\/figcaption><\/figure>\n<\/div>\n\n\n\n<div class=\"wp-block-column is-layout-flow wp-block-column-is-layout-flow\">\n<figure class=\"wp-block-image\"><img loading=\"lazy\" decoding=\"async\" width=\"1024\" height=\"1024\" src=\"\/wp-content\/uploads\/Schmuckaenderungen\/vorher-nachher-7a-1024x1024.jpg\" alt=\"\" class=\"wp-image-487\" srcset=\"https:\/\/comish.ch\/wp-content\/uploads\/Schmuckaenderungen\/vorher-nachher-7a-1024x1024.jpg 1024w, https:\/\/comish.ch\/wp-content\/uploads\/Schmuckaenderungen\/vorher-nachher-7a-150x150.jpg 150w, https:\/\/comish.ch\/wp-content\/uploads\/Schmuckaenderungen\/vorher-nachher-7a-300x300.jpg 300w, https:\/\/comish.ch\/wp-content\/uploads\/Schmuckaenderungen\/vorher-nachher-7a-768x768.jpg 768w, https:\/\/comish.ch\/wp-content\/uploads\/Schmuckaenderungen\/vorher-nachher-7a.jpg 1200w\" sizes=\"auto, (max-width: 1024px) 100vw, 1024px\" \/><figcaption>nachher<\/figcaption><\/figure>\n<\/div>\n<\/div>\n\n\n\n<div class=\"wp-block-columns has-2-columns vor-nach is-layout-flex wp-container-core-columns-is-layout-9d6595d7 wp-block-columns-is-layout-flex\">\n<div class=\"wp-block-column is-layout-flow wp-block-column-is-layout-flow\">\n<figure class=\"wp-block-image\"><img loading=\"lazy\" decoding=\"async\" width=\"1024\" height=\"1024\" src=\"\/wp-content\/uploads\/Schmuckaenderungen\/vorher-nachher-9-1024x1024.jpg\" alt=\"\" class=\"wp-image-490\" srcset=\"https:\/\/comish.ch\/wp-content\/uploads\/Schmuckaenderungen\/vorher-nachher-9-1024x1024.jpg 1024w, https:\/\/comish.ch\/wp-content\/uploads\/Schmuckaenderungen\/vorher-nachher-9-150x150.jpg 150w, https:\/\/comish.ch\/wp-content\/uploads\/Schmuckaenderungen\/vorher-nachher-9-300x300.jpg 300w, https:\/\/comish.ch\/wp-content\/uploads\/Schmuckaenderungen\/vorher-nachher-9-768x768.jpg 768w, https:\/\/comish.ch\/wp-content\/uploads\/Schmuckaenderungen\/vorher-nachher-9.jpg 1200w\" sizes=\"auto, (max-width: 1024px) 100vw, 1024px\" \/><figcaption>vorher<\/figcaption><\/figure>\n<\/div>\n\n\n\n<div class=\"wp-block-column is-layout-flow wp-block-column-is-layout-flow\">\n<figure class=\"wp-block-image\"><img loading=\"lazy\" decoding=\"async\" width=\"1024\" height=\"1024\" src=\"\/wp-content\/uploads\/Schmuckaenderungen\/vorher-nachher-9a-1024x1024.jpg\" alt=\"\" class=\"wp-image-491\" srcset=\"https:\/\/comish.ch\/wp-content\/uploads\/Schmuckaenderungen\/vorher-nachher-9a-1024x1024.jpg 1024w, https:\/\/comish.ch\/wp-content\/uploads\/Schmuckaenderungen\/vorher-nachher-9a-150x150.jpg 150w, https:\/\/comish.ch\/wp-content\/uploads\/Schmuckaenderungen\/vorher-nachher-9a-300x300.jpg 300w, https:\/\/comish.ch\/wp-content\/uploads\/Schmuckaenderungen\/vorher-nachher-9a-768x768.jpg 768w, https:\/\/comish.ch\/wp-content\/uploads\/Schmuckaenderungen\/vorher-nachher-9a.jpg 1200w\" sizes=\"auto, (max-width: 1024px) 100vw, 1024px\" \/><figcaption>nachher<\/figcaption><\/figure>\n<\/div>\n<\/div>\n\n\n\n<div class=\"wp-block-columns has-2-columns vor-nach is-layout-flex wp-container-core-columns-is-layout-9d6595d7 wp-block-columns-is-layout-flex\">\n<div class=\"wp-block-column is-layout-flow wp-block-column-is-layout-flow\">\n<figure class=\"wp-block-image\"><img loading=\"lazy\" decoding=\"async\" width=\"1024\" height=\"1024\" src=\"\/wp-content\/uploads\/Schmuckaenderungen\/vorher-nachher-4-1024x1024.jpg\" alt=\"\" class=\"wp-image-480\" srcset=\"https:\/\/comish.ch\/wp-content\/uploads\/Schmuckaenderungen\/vorher-nachher-4-1024x1024.jpg 1024w, https:\/\/comish.ch\/wp-content\/uploads\/Schmuckaenderungen\/vorher-nachher-4-150x150.jpg 150w, https:\/\/comish.ch\/wp-content\/uploads\/Schmuckaenderungen\/vorher-nachher-4-300x300.jpg 300w, https:\/\/comish.ch\/wp-content\/uploads\/Schmuckaenderungen\/vorher-nachher-4-768x768.jpg 768w, https:\/\/comish.ch\/wp-content\/uploads\/Schmuckaenderungen\/vorher-nachher-4.jpg 1200w\" sizes=\"auto, (max-width: 1024px) 100vw, 1024px\" \/><figcaption>vorher<\/figcaption><\/figure>\n<\/div>\n\n\n\n<div class=\"wp-block-column is-layout-flow wp-block-column-is-layout-flow\">\n<figure class=\"wp-block-image\"><img loading=\"lazy\" decoding=\"async\" width=\"1024\" height=\"1024\" src=\"\/wp-content\/uploads\/Schmuckaenderungen\/vorher-nachher-4a-1024x1024.jpg\" alt=\"\" class=\"wp-image-481\" srcset=\"https:\/\/comish.ch\/wp-content\/uploads\/Schmuckaenderungen\/vorher-nachher-4a-1024x1024.jpg 1024w, https:\/\/comish.ch\/wp-content\/uploads\/Schmuckaenderungen\/vorher-nachher-4a-150x150.jpg 150w, https:\/\/comish.ch\/wp-content\/uploads\/Schmuckaenderungen\/vorher-nachher-4a-300x300.jpg 300w, https:\/\/comish.ch\/wp-content\/uploads\/Schmuckaenderungen\/vorher-nachher-4a-768x768.jpg 768w, https:\/\/comish.ch\/wp-content\/uploads\/Schmuckaenderungen\/vorher-nachher-4a.jpg 1200w\" sizes=\"auto, (max-width: 1024px) 100vw, 1024px\" \/><figcaption>nachher<\/figcaption><\/figure>\n<\/div>\n<\/div>\n\n\n\n<div class=\"wp-block-columns has-2-columns vor-nach is-layout-flex wp-container-core-columns-is-layout-9d6595d7 wp-block-columns-is-layout-flex\">\n<div class=\"wp-block-column is-layout-flow wp-block-column-is-layout-flow\">\n<figure class=\"wp-block-image\"><img loading=\"lazy\" decoding=\"async\" width=\"1024\" height=\"1024\" src=\"\/wp-content\/uploads\/Schmuckaenderungen\/vorher-nachher-10-1024x1024.jpg\" alt=\"\" class=\"wp-image-492\" srcset=\"https:\/\/comish.ch\/wp-content\/uploads\/Schmuckaenderungen\/vorher-nachher-10-1024x1024.jpg 1024w, https:\/\/comish.ch\/wp-content\/uploads\/Schmuckaenderungen\/vorher-nachher-10-150x150.jpg 150w, https:\/\/comish.ch\/wp-content\/uploads\/Schmuckaenderungen\/vorher-nachher-10-300x300.jpg 300w, https:\/\/comish.ch\/wp-content\/uploads\/Schmuckaenderungen\/vorher-nachher-10-768x768.jpg 768w, https:\/\/comish.ch\/wp-content\/uploads\/Schmuckaenderungen\/vorher-nachher-10.jpg 1200w\" sizes=\"auto, (max-width: 1024px) 100vw, 1024px\" \/><figcaption>vorher<\/figcaption><\/figure>\n\n\n\n<p><\/p>\n<\/div>\n\n\n\n<div class=\"wp-block-column is-layout-flow wp-block-column-is-layout-flow\">\n<figure class=\"wp-block-image\"><img loading=\"lazy\" decoding=\"async\" width=\"1024\" height=\"1024\" src=\"\/wp-content\/uploads\/Schmuckaenderungen\/vorher-nachher-10a-1024x1024.jpg\" alt=\"\" class=\"wp-image-493\" srcset=\"https:\/\/comish.ch\/wp-content\/uploads\/Schmuckaenderungen\/vorher-nachher-10a-1024x1024.jpg 1024w, https:\/\/comish.ch\/wp-content\/uploads\/Schmuckaenderungen\/vorher-nachher-10a-150x150.jpg 150w, https:\/\/comish.ch\/wp-content\/uploads\/Schmuckaenderungen\/vorher-nachher-10a-300x300.jpg 300w, https:\/\/comish.ch\/wp-content\/uploads\/Schmuckaenderungen\/vorher-nachher-10a-768x768.jpg 768w, https:\/\/comish.ch\/wp-content\/uploads\/Schmuckaenderungen\/vorher-nachher-10a.jpg 1200w\" sizes=\"auto, (max-width: 1024px) 100vw, 1024px\" \/><figcaption>nachher<\/figcaption><\/figure>\n<\/div>\n<\/div>\n\n\n\n<p><\/p>\n","protected":false},"excerpt":{"rendered":"<p>Gerne arbeite ich auch Erbst\u00fccke um, damit sie dem Stil der Zeit entsprechen und wieder gerne getragen werden. Oft sind mit solchem Schmuck Emotionen verbunden. Kreationen aus vorhandenem Material, an welchem Erinnerungen haften, sind mir wichtiger als der Verkauf lupenreiner Steine. Diese Arbeit ist f\u00fcr mich \u00e4usserst kreativ, da die Voraussetzung und die vorhanden Schmuckst\u00fccke [&hellip;]<\/p>\n","protected":false},"author":1,"featured_media":0,"parent":0,"menu_order":0,"comment_status":"closed","ping_status":"closed","template":"","meta":{"footnotes":""},"class_list":["post-468","page","type-page","status-publish","hentry"],"aioseo_notices":[],"_links":{"self":[{"href":"https:\/\/comish.ch\/de\/wp-json\/wp\/v2\/pages\/468","targetHints":{"allow":["GET"]}}],"collection":[{"href":"https:\/\/comish.ch\/de\/wp-json\/wp\/v2\/pages"}],"about":[{"href":"https:\/\/comish.ch\/de\/wp-json\/wp\/v2\/types\/page"}],"author":[{"embeddable":true,"href":"https:\/\/comish.ch\/de\/wp-json\/wp\/v2\/users\/1"}],"replies":[{"embeddable":true,"href":"https:\/\/comish.ch\/de\/wp-json\/wp\/v2\/comments?post=468"}],"version-history":[{"count":0,"href":"https:\/\/comish.ch\/de\/wp-json\/wp\/v2\/pages\/468\/revisions"}],"wp:attachment":[{"href":"https:\/\/comish.ch\/de\/wp-json\/wp\/v2\/media?parent=468"}],"curies":[{"name":"wp","href":"https:\/\/api.w.org\/{rel}","templated":true}]}}