{"id":461,"date":"2018-12-07T10:44:04","date_gmt":"2018-12-07T09:44:04","guid":{"rendered":"https:\/\/vorschau.comish.ch\/en\/?page_id=461"},"modified":"2026-02-27T16:49:43","modified_gmt":"2026-02-27T15:49:43","slug":"events","status":"publish","type":"page","link":"https:\/\/comish.ch\/de\/events\/","title":{"rendered":"Events"},"content":{"rendered":"<\/p>\n\n\n<p><strong>Markte \/ Ausstellungen 2026<\/strong><\/p>\n\n\n\n<p><strong>Petit Salon Bern<br><\/strong>Haupt Buchhandlung, Falkenplatz 14, Bern<br>Donnerstag, 19. M\u00e4rz 2026 14h &#8211; 19 Uhr<br>Freitag, 20. M\u00e4rz 2026 10 &#8211; 18.30 Uhr<br>Samstag, 21. M\u00e4rz 2026 10 &#8211; 16 Uhr<\/p>\n\n\n\n<p><strong>Fr\u00fchlingsmarkt Gr\u00fcningen<\/strong><br>Stedtligasse 4, Gr\u00fcningen<br>Samstag, 25. April 2026  10 &#8211; 18 Uhr<br>Sonntag, 26. April 2026  11 &#8211; 18 Uhr<\/p>\n\n\n\n<p><strong>Inspinniert &#8211; Tage der offenen Ateliers<\/strong><br>Spinnereistr. 29, Rapperswil &#8211; Jona<br>Samstag, 9. Mai 12 -18 Uhr<br>Sonntag, 10. Mai 2025 11 &#8211; 16 Uhr<\/p>\n\n\n\n<p><\/p>\n\n\n\n<div style=\"height:30px\" aria-hidden=\"true\" class=\"wp-block-spacer\"><\/div>\n\n\n\n<div class=\"wp-block-columns has-2-columns portraits is-layout-flex wp-container-core-columns-is-layout-9d6595d7 wp-block-columns-is-layout-flex\">\n<div class=\"wp-block-column is-layout-flow wp-block-column-is-layout-flow\">\n<figure class=\"wp-block-image\"><img loading=\"lazy\" decoding=\"async\" width=\"1024\" height=\"1024\" src=\"https:\/\/www.comish.ch\/wp-content\/uploads\/Unorganisiert\/ape2-1024x1024.jpg\" alt=\"APE\" class=\"wp-image-571\" srcset=\"https:\/\/comish.ch\/wp-content\/uploads\/Unorganisiert\/ape2-1024x1024.jpg 1024w, https:\/\/comish.ch\/wp-content\/uploads\/Unorganisiert\/ape2-150x150.jpg 150w, https:\/\/comish.ch\/wp-content\/uploads\/Unorganisiert\/ape2-300x300.jpg 300w, https:\/\/comish.ch\/wp-content\/uploads\/Unorganisiert\/ape2-768x768.jpg 768w, https:\/\/comish.ch\/wp-content\/uploads\/Unorganisiert\/ape2.jpg 1200w\" sizes=\"auto, (max-width: 1024px) 100vw, 1024px\" \/><\/figure>\n<\/div>\n\n\n\n<div class=\"wp-block-column is-layout-flow wp-block-column-is-layout-flow\">\n<figure class=\"wp-block-image\"><img loading=\"lazy\" decoding=\"async\" width=\"1024\" height=\"1024\" src=\"https:\/\/www.comish.ch\/wp-content\/uploads\/Unorganisiert\/ape1-1024x1024.jpg\" alt=\"APE\" class=\"wp-image-570\" srcset=\"https:\/\/comish.ch\/wp-content\/uploads\/Unorganisiert\/ape1-1024x1024.jpg 1024w, https:\/\/comish.ch\/wp-content\/uploads\/Unorganisiert\/ape1-150x150.jpg 150w, https:\/\/comish.ch\/wp-content\/uploads\/Unorganisiert\/ape1-300x300.jpg 300w, https:\/\/comish.ch\/wp-content\/uploads\/Unorganisiert\/ape1-768x768.jpg 768w, https:\/\/comish.ch\/wp-content\/uploads\/Unorganisiert\/ape1.jpg 1200w\" sizes=\"auto, (max-width: 1024px) 100vw, 1024px\" \/><\/figure>\n<\/div>\n<\/div>\n\n\n<\/p>","protected":false},"excerpt":{"rendered":"<p>Markte \/ Ausstellungen 2026 Petit Salon BernHaupt Buchhandlung, Falkenplatz 14, BernDonnerstag, 19. M\u00e4rz 2026 14h &#8211; 19 UhrFreitag, 20. M\u00e4rz 2026 10 &#8211; 18.30 UhrSamstag, 21. M\u00e4rz 2026 10 &#8211; 16 Uhr Fr\u00fchlingsmarkt Gr\u00fcningenStedtligasse 4, Gr\u00fcningenSamstag, 25. April 2026 10 &#8211; 18 UhrSonntag, 26. April 2026 11 &#8211; 18 Uhr Inspinniert &#8211; Tage der offenen [&hellip;]<\/p>\n","protected":false},"author":1,"featured_media":0,"parent":0,"menu_order":0,"comment_status":"closed","ping_status":"closed","template":"","meta":{"footnotes":""},"class_list":["post-461","page","type-page","status-publish","hentry"],"aioseo_notices":[],"_links":{"self":[{"href":"https:\/\/comish.ch\/de\/wp-json\/wp\/v2\/pages\/461","targetHints":{"allow":["GET"]}}],"collection":[{"href":"https:\/\/comish.ch\/de\/wp-json\/wp\/v2\/pages"}],"about":[{"href":"https:\/\/comish.ch\/de\/wp-json\/wp\/v2\/types\/page"}],"author":[{"embeddable":true,"href":"https:\/\/comish.ch\/de\/wp-json\/wp\/v2\/users\/1"}],"replies":[{"embeddable":true,"href":"https:\/\/comish.ch\/de\/wp-json\/wp\/v2\/comments?post=461"}],"version-history":[{"count":10,"href":"https:\/\/comish.ch\/de\/wp-json\/wp\/v2\/pages\/461\/revisions"}],"predecessor-version":[{"id":8711,"href":"https:\/\/comish.ch\/de\/wp-json\/wp\/v2\/pages\/461\/revisions\/8711"}],"wp:attachment":[{"href":"https:\/\/comish.ch\/de\/wp-json\/wp\/v2\/media?parent=461"}],"curies":[{"name":"wp","href":"https:\/\/api.w.org\/{rel}","templated":true}]}}