{"id":455,"date":"2018-12-07T10:40:12","date_gmt":"2018-12-07T09:40:12","guid":{"rendered":"https:\/\/vorschau.comish.ch\/de\/?page_id=455"},"modified":"2024-03-24T12:40:56","modified_gmt":"2024-03-24T11:40:56","slug":"atelier","status":"publish","type":"page","link":"https:\/\/comish.ch\/de\/atelier\/","title":{"rendered":"Atelier \/ \u00dcber uns"},"content":{"rendered":"<p>COMISH stand urspr\u00fcnglich f\u00fcr die jeweils ersten zwei Buchstaben unserer 3 Vornamen (COrinne, MIchela, SHanti) \u2026geblieben ist Shanti und seit vielen Jahren geh\u00f6rt Simone als rechte Hand zum aktuellen Ausstellungs-Team. Die Goldschmiedin Ragna Sauter unterst\u00fctzt mich tageweise tatkr\u00e4ftig an der Werkbank. Das Fassen der Steine \u00fcbernimmt mein Vater Marcel. An M\u00e4rkten und Ausstellungen werde ich abwechselnd von unverzichtbaren Freundinnen kompetent unterst\u00fctzt. Das Label COMISH haben wir behalten &#8211; es tr\u00e4gt f\u00fcr uns sch\u00f6ne Erinnerungen und ist ein solides Fundament auf dem wir seit 1999 bauen.<\/p>\n<p>Das Goldschmiedehandwerk ist f\u00fcr mich mehr als nur ein Beruf &#8211; es wurde zur Passion.<\/p>\n<p>Aus Edelmetallen und Edelsteinen entstehen in meinem Atelier einmalige, handwerklich gefertigte Schmuckst\u00fccke. Meine Kreationen sind meist Unikate; die Gestaltung basiert auf meinen Inspirationen oder entstehen im Gespr\u00e4ch mit den Kundinnen und Kunden.<\/p>\n<p>Beim pers\u00f6nlichen Kontakt mit Kunden lege ich Wert auf die Auseinandersetzung mit den Materialien, der Oberfl\u00e4chenbeschaffenheit und auch gerne mit dem Ereignis, welches die Schmuckauswahl m\u00f6glicherweise begr\u00fcndet. Jedes St\u00fcck soll zur Tr\u00e4gerin, zum Tr\u00e4ger passen und die Kunden m\u00f6gen sich damit wohlf\u00fchlen.<\/p>\n\n\n<div class=\"wp-block-columns has-3-columns portraits is-layout-flex wp-container-core-columns-is-layout-9d6595d7 wp-block-columns-is-layout-flex\">\n<div class=\"wp-block-column is-layout-flow wp-block-column-is-layout-flow\">\n<figure class=\"wp-block-image\"><img loading=\"lazy\" decoding=\"async\" width=\"800\" height=\"800\" src=\"\/wp-content\/uploads\/2018\/12\/portrait-shanti.jpg\" alt=\"Shanti Sandmeyer\" class=\"wp-image-552\" srcset=\"https:\/\/comish.ch\/wp-content\/uploads\/2018\/12\/portrait-shanti.jpg 800w, https:\/\/comish.ch\/wp-content\/uploads\/2018\/12\/portrait-shanti-300x300.jpg 300w, https:\/\/comish.ch\/wp-content\/uploads\/2018\/12\/portrait-shanti-150x150.jpg 150w, https:\/\/comish.ch\/wp-content\/uploads\/2018\/12\/portrait-shanti-768x768.jpg 768w\" sizes=\"auto, (max-width: 800px) 100vw, 800px\" \/><\/figure>\n\n\n\n<p>Shanti Sandmeyer<br>Goldschmiedin &#038; Inhaberin<\/p>\n<\/div>\n\n\n\n<div class=\"wp-block-column is-layout-flow wp-block-column-is-layout-flow\">\n<figure class=\"wp-block-image size-large\"><img loading=\"lazy\" decoding=\"async\" width=\"600\" height=\"600\" src=\"https:\/\/www.comish.ch\/wp-content\/uploads\/Unorganisiert\/DSCF9421-2.jpeg\" alt=\"\" class=\"wp-image-4253\" srcset=\"https:\/\/comish.ch\/wp-content\/uploads\/Unorganisiert\/DSCF9421-2.jpeg 600w, https:\/\/comish.ch\/wp-content\/uploads\/Unorganisiert\/DSCF9421-2-300x300.jpeg 300w, https:\/\/comish.ch\/wp-content\/uploads\/Unorganisiert\/DSCF9421-2-150x150.jpeg 150w\" sizes=\"auto, (max-width: 600px) 100vw, 600px\" \/><\/figure>\n\n\n\n<p>Ragna Sauter<br>Goldschmiedin<\/p>\n<\/div>\n<\/div>\n\n\n\n<p><\/p>\n\n\n\n<div class=\"wp-block-columns has-3-columns portraits is-layout-flex wp-container-core-columns-is-layout-9d6595d7 wp-block-columns-is-layout-flex\">\n<div class=\"wp-block-column is-layout-flow wp-block-column-is-layout-flow\">\n<figure class=\"wp-block-image\"><img loading=\"lazy\" decoding=\"async\" width=\"424\" height=\"424\" src=\"\/wp-content\/uploads\/2018\/12\/portrait-marcel.jpg\" alt=\"Marcel Sandmeyer\" class=\"wp-image-549\" srcset=\"https:\/\/comish.ch\/wp-content\/uploads\/2018\/12\/portrait-marcel.jpg 424w, https:\/\/comish.ch\/wp-content\/uploads\/2018\/12\/portrait-marcel-150x150.jpg 150w, https:\/\/comish.ch\/wp-content\/uploads\/2018\/12\/portrait-marcel-300x300.jpg 300w\" sizes=\"auto, (max-width: 424px) 100vw, 424px\" \/><\/figure>\n\n\n\n<p>Marcel Sandmeyer<br>Steinfasser &#038; Heinzelmann<\/p>\n<\/div>\n\n\n\n<div class=\"wp-block-column is-layout-flow wp-block-column-is-layout-flow\">\n<figure class=\"wp-block-image size-large\"><img loading=\"lazy\" decoding=\"async\" width=\"1024\" height=\"1024\" src=\"https:\/\/www.comish.ch\/wp-content\/uploads\/2024\/03\/h5NgnHel-2-1024x1024.jpg\" alt=\"\" class=\"wp-image-5745\" srcset=\"https:\/\/comish.ch\/wp-content\/uploads\/2024\/03\/h5NgnHel-2-1024x1024.jpg 1024w, https:\/\/comish.ch\/wp-content\/uploads\/2024\/03\/h5NgnHel-2-300x300.jpg 300w, https:\/\/comish.ch\/wp-content\/uploads\/2024\/03\/h5NgnHel-2-150x150.jpg 150w, https:\/\/comish.ch\/wp-content\/uploads\/2024\/03\/h5NgnHel-2-768x768.jpg 768w, https:\/\/comish.ch\/wp-content\/uploads\/2024\/03\/h5NgnHel-2-1536x1536.jpg 1536w, https:\/\/comish.ch\/wp-content\/uploads\/2024\/03\/h5NgnHel-2-1280x1280.jpg 1280w, https:\/\/comish.ch\/wp-content\/uploads\/2024\/03\/h5NgnHel-2.jpg 1821w\" sizes=\"auto, (max-width: 1024px) 100vw, 1024px\" \/><\/figure>\n\n\n\n<p>Simone Fischer<br>rechte Hand an Ausstellungen &#038; guter Geist<\/p>\n<\/div>\n<\/div>\n\n\n\n<div class=\"wp-block-columns has-3-columns portraits is-layout-flex wp-container-core-columns-is-layout-9d6595d7 wp-block-columns-is-layout-flex\">\n<div class=\"wp-block-column is-layout-flow wp-block-column-is-layout-flow\">\n<figure class=\"wp-block-image size-large\"><img loading=\"lazy\" decoding=\"async\" width=\"600\" height=\"600\" src=\"https:\/\/www.comish.ch\/wp-content\/uploads\/Unorganisiert\/DSC5586A.jpeg\" alt=\"\" class=\"wp-image-4663\" srcset=\"https:\/\/comish.ch\/wp-content\/uploads\/Unorganisiert\/DSC5586A.jpeg 600w, https:\/\/comish.ch\/wp-content\/uploads\/Unorganisiert\/DSC5586A-300x300.jpeg 300w, https:\/\/comish.ch\/wp-content\/uploads\/Unorganisiert\/DSC5586A-150x150.jpeg 150w\" sizes=\"auto, (max-width: 600px) 100vw, 600px\" \/><\/figure>\n<\/div>\n\n\n\n<div class=\"wp-block-column is-layout-flow wp-block-column-is-layout-flow\">\n<figure class=\"wp-block-image size-large\"><img loading=\"lazy\" decoding=\"async\" width=\"600\" height=\"600\" src=\"https:\/\/www.comish.ch\/wp-content\/uploads\/Unorganisiert\/DSC5616A-2.jpeg\" alt=\"\" class=\"wp-image-4662\" srcset=\"https:\/\/comish.ch\/wp-content\/uploads\/Unorganisiert\/DSC5616A-2.jpeg 600w, https:\/\/comish.ch\/wp-content\/uploads\/Unorganisiert\/DSC5616A-2-300x300.jpeg 300w, https:\/\/comish.ch\/wp-content\/uploads\/Unorganisiert\/DSC5616A-2-150x150.jpeg 150w\" sizes=\"auto, (max-width: 600px) 100vw, 600px\" \/><\/figure>\n<\/div>\n<\/div>\n\n\n\n<div class=\"wp-block-columns has-3-columns portraits is-layout-flex wp-container-core-columns-is-layout-9d6595d7 wp-block-columns-is-layout-flex\">\n<div class=\"wp-block-column is-layout-flow wp-block-column-is-layout-flow\">\n<figure class=\"wp-block-image size-large\"><img loading=\"lazy\" decoding=\"async\" width=\"600\" height=\"600\" src=\"https:\/\/www.comish.ch\/wp-content\/uploads\/Unorganisiert\/IMG_1584.jpeg\" alt=\"\" class=\"wp-image-4665\" srcset=\"https:\/\/comish.ch\/wp-content\/uploads\/Unorganisiert\/IMG_1584.jpeg 600w, https:\/\/comish.ch\/wp-content\/uploads\/Unorganisiert\/IMG_1584-300x300.jpeg 300w, https:\/\/comish.ch\/wp-content\/uploads\/Unorganisiert\/IMG_1584-150x150.jpeg 150w\" sizes=\"auto, (max-width: 600px) 100vw, 600px\" \/><\/figure>\n\n\n\n<p><\/p>\n<\/div>\n\n\n\n<div class=\"wp-block-column is-layout-flow wp-block-column-is-layout-flow\">\n<figure class=\"wp-block-image size-large\"><img loading=\"lazy\" decoding=\"async\" width=\"600\" height=\"600\" src=\"https:\/\/www.comish.ch\/wp-content\/uploads\/Unorganisiert\/IMG_1582.jpeg\" alt=\"\" class=\"wp-image-4664\" srcset=\"https:\/\/comish.ch\/wp-content\/uploads\/Unorganisiert\/IMG_1582.jpeg 600w, https:\/\/comish.ch\/wp-content\/uploads\/Unorganisiert\/IMG_1582-300x300.jpeg 300w, https:\/\/comish.ch\/wp-content\/uploads\/Unorganisiert\/IMG_1582-150x150.jpeg 150w\" sizes=\"auto, (max-width: 600px) 100vw, 600px\" \/><\/figure>\n\n\n\n<p><\/p>\n<\/div>\n<\/div>\n\n\n\n<table width=\"100%\" cellspacing=\"0\" cellpadding=\"0\" border=\"0\" style=\"margin-top:1em;\">\n<tr>\n<td width=\"100\">\n<img decoding=\"async\" src=\"\/wp-content\/uploads\/Oekogold\/Oekogold-2024-150.png\" alt=\"Oekogold 2024\" width=\"80\" style=\"align:left; margin-right:10px\"\/>\n<\/td>\n<td>\n<p>Die Erhaltung der Natur ist uns wichtig, wir verwenden daher keine Edelmetalle, die direkt aus einer Mine kommen. Mit dem Oekogold-Label garantieren wir ausschliesslich Edelmetall aus Recycling zu verarbeiten.<\/p>\n<\/td>\n<\/tr>\n<\/table>\n","protected":false},"excerpt":{"rendered":"<p>COMISH stand urspr\u00fcnglich f\u00fcr die jeweils ersten zwei Buchstaben unserer 3 Vornamen (COrinne, MIchela, SHanti) \u2026geblieben ist Shanti und seit vielen Jahren geh\u00f6rt Simone als rechte Hand zum aktuellen Ausstellungs-Team. Die Goldschmiedin Ragna Sauter unterst\u00fctzt mich tageweise tatkr\u00e4ftig an der Werkbank. Das Fassen der Steine \u00fcbernimmt mein Vater Marcel. An M\u00e4rkten und Ausstellungen werde ich [&hellip;]<\/p>\n","protected":false},"author":1,"featured_media":0,"parent":0,"menu_order":0,"comment_status":"closed","ping_status":"closed","template":"","meta":{"footnotes":""},"class_list":["post-455","page","type-page","status-publish","hentry"],"aioseo_notices":[],"_links":{"self":[{"href":"https:\/\/comish.ch\/de\/wp-json\/wp\/v2\/pages\/455","targetHints":{"allow":["GET"]}}],"collection":[{"href":"https:\/\/comish.ch\/de\/wp-json\/wp\/v2\/pages"}],"about":[{"href":"https:\/\/comish.ch\/de\/wp-json\/wp\/v2\/types\/page"}],"author":[{"embeddable":true,"href":"https:\/\/comish.ch\/de\/wp-json\/wp\/v2\/users\/1"}],"replies":[{"embeddable":true,"href":"https:\/\/comish.ch\/de\/wp-json\/wp\/v2\/comments?post=455"}],"version-history":[{"count":0,"href":"https:\/\/comish.ch\/de\/wp-json\/wp\/v2\/pages\/455\/revisions"}],"wp:attachment":[{"href":"https:\/\/comish.ch\/de\/wp-json\/wp\/v2\/media?parent=455"}],"curies":[{"name":"wp","href":"https:\/\/api.w.org\/{rel}","templated":true}]}}