{"id":1737,"date":"2020-08-24T11:55:59","date_gmt":"2020-08-24T09:55:59","guid":{"rendered":"https:\/\/www.comish.ch\/de\/?page_id=1737"},"modified":"2024-05-10T12:19:04","modified_gmt":"2024-05-10T10:19:04","slug":"maennerschmuck","status":"publish","type":"page","link":"https:\/\/comish.ch\/de\/maennerschmuck\/","title":{"rendered":"M\u00e4nnerschmuck"},"content":{"rendered":"\n<p>Es soll keinen sch\u00f6nen Schmuck f\u00fcr M\u00e4nner geben&#8230;? Dagegen bin ich vorgegangen und habe eine komplett neue Kollektion f\u00fcr M\u00e4nner umgesetzt. Es freut mich zu sehen, dass M\u00e4nner immer mutiger werden und auch grossen Schmuck, sogar mit Steinen, tragen! \ud83d\ude42 Macht weiter so, kommt vorbei und probiert die St\u00fccke an! Die meisten Schmuckst\u00fccke sind aus geschw\u00e4rztem Silber, Weiss-\/ Rotgold (zertifiziertes Oekogold) oder Bronze angefertigt. Selbstverst\u00e4ndlich kann jedes Weitere Material gew\u00fcnscht werden. Die Steine die ich verwendet habe sind zum grossen Teil Rohdiamanten oder schwarze Diamanten.<\/p>\n\n\n<p><\/p>\n\n\n<p><\/p>\n","protected":false},"excerpt":{"rendered":"<p>Es soll keinen sch\u00f6nen Schmuck f\u00fcr M\u00e4nner geben&#8230;? Dagegen bin ich vorgegangen und habe eine komplett neue Kollektion f\u00fcr M\u00e4nner umgesetzt. Es freut mich zu sehen, dass M\u00e4nner immer mutiger werden und auch grossen Schmuck, sogar mit Steinen, tragen! \ud83d\ude42 Macht weiter so, kommt vorbei und probiert die St\u00fccke an! Die meisten Schmuckst\u00fccke sind aus [&hellip;]<\/p>\n","protected":false},"author":1,"featured_media":0,"parent":0,"menu_order":0,"comment_status":"closed","ping_status":"closed","template":"","meta":{"footnotes":""},"class_list":["post-1737","page","type-page","status-publish","hentry"],"aioseo_notices":[],"_links":{"self":[{"href":"https:\/\/comish.ch\/de\/wp-json\/wp\/v2\/pages\/1737","targetHints":{"allow":["GET"]}}],"collection":[{"href":"https:\/\/comish.ch\/de\/wp-json\/wp\/v2\/pages"}],"about":[{"href":"https:\/\/comish.ch\/de\/wp-json\/wp\/v2\/types\/page"}],"author":[{"embeddable":true,"href":"https:\/\/comish.ch\/de\/wp-json\/wp\/v2\/users\/1"}],"replies":[{"embeddable":true,"href":"https:\/\/comish.ch\/de\/wp-json\/wp\/v2\/comments?post=1737"}],"version-history":[{"count":0,"href":"https:\/\/comish.ch\/de\/wp-json\/wp\/v2\/pages\/1737\/revisions"}],"wp:attachment":[{"href":"https:\/\/comish.ch\/de\/wp-json\/wp\/v2\/media?parent=1737"}],"curies":[{"name":"wp","href":"https:\/\/api.w.org\/{rel}","templated":true}]}}